{"id":19,"date":"2020-09-30T10:10:43","date_gmt":"2020-09-30T10:10:43","guid":{"rendered":"http:\/\/www.rosenlewinhopeakerho.fi\/?page_id=19"},"modified":"2026-01-05T11:43:37","modified_gmt":"2026-01-05T11:43:37","slug":"elementor-19","status":"publish","type":"page","link":"https:\/\/www.rosenlewinhopeakerho.fi\/","title":{"rendered":"Etusivu"},"content":{"rendered":"\t\t<div data-elementor-type=\"wp-post\" data-elementor-id=\"19\" class=\"elementor elementor-19\">\n\t\t\t\t\t\t<section class=\"elementor-section elementor-top-section elementor-element elementor-element-c4ea433 elementor-section-boxed elementor-section-height-default elementor-section-height-default\" data-id=\"c4ea433\" data-element_type=\"section\">\n\t\t\t\t\t\t<div class=\"elementor-container elementor-column-gap-default\">\n\t\t\t\t\t<div class=\"elementor-column elementor-col-100 elementor-top-column elementor-element elementor-element-af50d98\" data-id=\"af50d98\" data-element_type=\"column\">\n\t\t\t<div class=\"elementor-widget-wrap elementor-element-populated\">\n\t\t\t\t\t\t<section class=\"elementor-section elementor-inner-section elementor-element elementor-element-0e3ff4d elementor-section-boxed elementor-section-height-default elementor-section-height-default\" data-id=\"0e3ff4d\" data-element_type=\"section\">\n\t\t\t\t\t\t<div class=\"elementor-container elementor-column-gap-default\">\n\t\t\t\t\t<div class=\"elementor-column elementor-col-50 elementor-inner-column elementor-element elementor-element-31df2bc\" data-id=\"31df2bc\" data-element_type=\"column\">\n\t\t\t<div class=\"elementor-widget-wrap elementor-element-populated\">\n\t\t\t\t\t\t<div class=\"elementor-element elementor-element-32bafd4 elementor-widget elementor-widget-image\" data-id=\"32bafd4\" data-element_type=\"widget\" data-widget_type=\"image.default\">\n\t\t\t\t<div class=\"elementor-widget-container\">\n\t\t\t\t\t\t\t\t\t\t\t\t\t<img fetchpriority=\"high\" decoding=\"async\" width=\"404\" height=\"673\" src=\"https:\/\/www.rosenlewinhopeakerho.fi\/wp-content\/uploads\/2020\/10\/ROSENLEWIN-HOPEAKERHO-viiri.png\" class=\"attachment-large size-large wp-image-232\" alt=\"\" srcset=\"https:\/\/www.rosenlewinhopeakerho.fi\/wp-content\/uploads\/2020\/10\/ROSENLEWIN-HOPEAKERHO-viiri.png 404w, https:\/\/www.rosenlewinhopeakerho.fi\/wp-content\/uploads\/2020\/10\/ROSENLEWIN-HOPEAKERHO-viiri-180x300.png 180w\" sizes=\"(max-width: 404px) 100vw, 404px\" \/>\t\t\t\t\t\t\t\t\t\t\t\t\t<\/div>\n\t\t\t\t<\/div>\n\t\t\t\t<div class=\"elementor-element elementor-element-d9427d7 elementor-widget elementor-widget-text-editor\" data-id=\"d9427d7\" data-element_type=\"widget\" data-widget_type=\"text-editor.default\">\n\t\t\t\t<div class=\"elementor-widget-container\">\n\t\t\t\t\t\t\t<h1 style=\"text-align: center;\">\u00a0<\/h1><p style=\"text-align: center;\">\u00a0<\/p>\t\t\t\t\t\t<\/div>\n\t\t\t\t<\/div>\n\t\t\t\t\t<\/div>\n\t\t<\/div>\n\t\t\t\t<div class=\"elementor-column elementor-col-50 elementor-inner-column elementor-element elementor-element-daef6e0\" data-id=\"daef6e0\" data-element_type=\"column\">\n\t\t\t<div class=\"elementor-widget-wrap elementor-element-populated\">\n\t\t\t\t\t\t<div class=\"elementor-element elementor-element-3bc22ca elementor-widget__width-initial elementor-widget elementor-widget-image\" data-id=\"3bc22ca\" data-element_type=\"widget\" data-widget_type=\"image.default\">\n\t\t\t\t<div class=\"elementor-widget-container\">\n\t\t\t\t\t\t\t\t\t\t\t\t\t<img decoding=\"async\" width=\"1024\" height=\"413\" src=\"https:\/\/www.rosenlewinhopeakerho.fi\/wp-content\/uploads\/2020\/11\/etusivulle_kuva-1024x413.jpg\" class=\"attachment-large size-large wp-image-340\" alt=\"\" srcset=\"https:\/\/www.rosenlewinhopeakerho.fi\/wp-content\/uploads\/2020\/11\/etusivulle_kuva-1024x413.jpg 1024w, https:\/\/www.rosenlewinhopeakerho.fi\/wp-content\/uploads\/2020\/11\/etusivulle_kuva-300x121.jpg 300w, https:\/\/www.rosenlewinhopeakerho.fi\/wp-content\/uploads\/2020\/11\/etusivulle_kuva-768x310.jpg 768w, https:\/\/www.rosenlewinhopeakerho.fi\/wp-content\/uploads\/2020\/11\/etusivulle_kuva-1536x620.jpg 1536w, https:\/\/www.rosenlewinhopeakerho.fi\/wp-content\/uploads\/2020\/11\/etusivulle_kuva.jpg 2000w\" sizes=\"(max-width: 1024px) 100vw, 1024px\" \/>\t\t\t\t\t\t\t\t\t\t\t\t\t<\/div>\n\t\t\t\t<\/div>\n\t\t\t\t<div class=\"elementor-element elementor-element-ea8f245 elementor-widget__width-initial elementor-widget elementor-widget-text-editor\" data-id=\"ea8f245\" data-element_type=\"widget\" data-widget_type=\"text-editor.default\">\n\t\t\t\t<div class=\"elementor-widget-container\">\n\t\t\t\t\t\t\t<h3><span style=\"color: #000080;\"><strong>ROSENLEWIN HOPEAKERHO ry<\/strong><strong>\u00a0 &#8211;\u00a0 <\/strong><strong>el\u00e4kel\u00e4isten oma kerho.<\/strong><\/span><\/h3><p>Yhdistyksen j\u00e4seneksi voivat liitty\u00e4 ty\u00f6- tai vanhuusel\u00e4kkeell\u00e4 olevat ik\u00e4ihmiset.<\/p><p>Kerhon toiminta on aktiivista, monipuolista ja virkist\u00e4v\u00e4\u00e4. J\u00e4senille j\u00e4rjestet\u00e4\u00e4n yhteisi\u00e4 kerhotilaisuuksia kev\u00e4t- ja syyskaudella joka toinen viikko.<\/p><p>Tervetuloa j\u00e4seneksi ja kerhotilaisuuksiin.<\/p>\t\t\t\t\t\t<\/div>\n\t\t\t\t<\/div>\n\t\t\t\t<div class=\"elementor-element elementor-element-e1fe1d4 elementor-align-left elementor-widget elementor-widget-button\" data-id=\"e1fe1d4\" data-element_type=\"widget\" data-widget_type=\"button.default\">\n\t\t\t\t<div class=\"elementor-widget-container\">\n\t\t\t\t\t<div class=\"elementor-button-wrapper\">\n\t\t\t<a class=\"elementor-button elementor-button-link elementor-size-sm\" href=\"http:\/\/www.rosenlewinhopeakerho.fi\/?page_id=199\">\n\t\t\t\t\t\t<span class=\"elementor-button-content-wrapper\">\n\t\t\t\t\t\t\t\t\t<span class=\"elementor-button-text\">LIITY J\u00c4SENEKSI<\/span>\n\t\t\t\t\t<\/span>\n\t\t\t\t\t<\/a>\n\t\t<\/div>\n\t\t\t\t<\/div>\n\t\t\t\t<\/div>\n\t\t\t\t<div class=\"elementor-element elementor-element-1c3cd47 elementor-widget elementor-widget-text-editor\" data-id=\"1c3cd47\" data-element_type=\"widget\" data-widget_type=\"text-editor.default\">\n\t\t\t\t<div class=\"elementor-widget-container\">\n\t\t\t\t\t\t\t<p>y-tunnus 2028523-4<br \/>info(at)rosenlewinhopeakerho.fi<\/p>\t\t\t\t\t\t<\/div>\n\t\t\t\t<\/div>\n\t\t\t\t\t<\/div>\n\t\t<\/div>\n\t\t\t\t\t<\/div>\n\t\t<\/section>\n\t\t\t\t\t<\/div>\n\t\t<\/div>\n\t\t\t\t\t<\/div>\n\t\t<\/section>\n\t\t\t\t<section class=\"elementor-section elementor-top-section elementor-element elementor-element-4c3513b elementor-section-boxed elementor-section-height-default elementor-section-height-default\" data-id=\"4c3513b\" data-element_type=\"section\">\n\t\t\t\t\t\t<div class=\"elementor-container elementor-column-gap-default\">\n\t\t\t\t\t<div class=\"elementor-column elementor-col-100 elementor-top-column elementor-element elementor-element-8db6b7f\" data-id=\"8db6b7f\" data-element_type=\"column\">\n\t\t\t<div class=\"elementor-widget-wrap\">\n\t\t\t\t\t\t\t<\/div>\n\t\t<\/div>\n\t\t\t\t\t<\/div>\n\t\t<\/section>\n\t\t\t\t<section class=\"elementor-section elementor-top-section elementor-element elementor-element-1dab798 elementor-section-boxed elementor-section-height-default elementor-section-height-default\" data-id=\"1dab798\" data-element_type=\"section\">\n\t\t\t\t\t\t<div class=\"elementor-container elementor-column-gap-default\">\n\t\t\t\t\t<div class=\"elementor-column elementor-col-100 elementor-top-column elementor-element elementor-element-706a311\" data-id=\"706a311\" data-element_type=\"column\">\n\t\t\t<div class=\"elementor-widget-wrap elementor-element-populated\">\n\t\t\t\t\t\t\t<\/div>\n\t\t<\/div>\n\t\t\t\t\t<\/div>\n\t\t<\/section>\n\t\t\t\t<section class=\"elementor-section elementor-top-section elementor-element elementor-element-829d835 elementor-section-boxed elementor-section-height-default elementor-section-height-default\" data-id=\"829d835\" data-element_type=\"section\">\n\t\t\t\t\t\t<div class=\"elementor-container elementor-column-gap-default\">\n\t\t\t\t\t<div class=\"elementor-column elementor-col-100 elementor-top-column elementor-element elementor-element-957efd5\" data-id=\"957efd5\" data-element_type=\"column\">\n\t\t\t<div class=\"elementor-widget-wrap elementor-element-populated\">\n\t\t\t\t\t\t<div class=\"elementor-element elementor-element-1b9e188 elementor-widget-divider--view-line elementor-widget elementor-widget-divider\" data-id=\"1b9e188\" data-element_type=\"widget\" data-widget_type=\"divider.default\">\n\t\t\t\t<div class=\"elementor-widget-container\">\n\t\t\t\t\t<div class=\"elementor-divider\">\n\t\t\t<span class=\"elementor-divider-separator\">\n\t\t\t\t\t\t<\/span>\n\t\t<\/div>\n\t\t\t\t<\/div>\n\t\t\t\t<\/div>\n\t\t\t\t\t<\/div>\n\t\t<\/div>\n\t\t\t\t\t<\/div>\n\t\t<\/section>\n\t\t\t\t<section class=\"elementor-section elementor-top-section elementor-element elementor-element-a2a6910 elementor-section-boxed elementor-section-height-default elementor-section-height-default\" data-id=\"a2a6910\" data-element_type=\"section\">\n\t\t\t\t\t\t<div class=\"elementor-container elementor-column-gap-default\">\n\t\t\t\t\t<div class=\"elementor-column elementor-col-100 elementor-top-column elementor-element elementor-element-52a489d\" data-id=\"52a489d\" data-element_type=\"column\">\n\t\t\t<div class=\"elementor-widget-wrap\">\n\t\t\t\t\t\t\t<\/div>\n\t\t<\/div>\n\t\t\t\t\t<\/div>\n\t\t<\/section>\n\t\t\t\t<section class=\"elementor-section elementor-top-section elementor-element elementor-element-0bb1598 elementor-section-boxed elementor-section-height-default elementor-section-height-default\" data-id=\"0bb1598\" data-element_type=\"section\">\n\t\t\t\t\t\t<div class=\"elementor-container elementor-column-gap-default\">\n\t\t\t\t\t<div class=\"elementor-column elementor-col-100 elementor-top-column elementor-element elementor-element-cec682e\" data-id=\"cec682e\" data-element_type=\"column\">\n\t\t\t<div class=\"elementor-widget-wrap elementor-element-populated\">\n\t\t\t\t\t\t\t<\/div>\n\t\t<\/div>\n\t\t\t\t\t<\/div>\n\t\t<\/section>\n\t\t\t\t<\/div>\n\t\t","protected":false},"excerpt":{"rendered":"<p>\u00a0 \u00a0 ROSENLEWIN HOPEAKERHO ry\u00a0 &#8211;\u00a0 el\u00e4kel\u00e4isten oma kerho. Yhdistyksen j\u00e4seneksi voivat liitty\u00e4 ty\u00f6- tai vanhuusel\u00e4kkeell\u00e4 olevat ik\u00e4ihmiset. Kerhon toiminta on aktiivista, monipuolista ja virkist\u00e4v\u00e4\u00e4. J\u00e4senille j\u00e4rjestet\u00e4\u00e4n yhteisi\u00e4 kerhotilaisuuksia kev\u00e4t- ja syyskaudella joka toinen viikko. Tervetuloa j\u00e4seneksi ja kerhotilaisuuksiin. LIITY J\u00c4SENEKSI y-tunnus 2028523-4info(at)rosenlewinhopeakerho.fi<\/p>\n","protected":false},"author":1,"featured_media":0,"parent":0,"menu_order":0,"comment_status":"closed","ping_status":"closed","template":"","meta":{"footnotes":""},"_links":{"self":[{"href":"https:\/\/www.rosenlewinhopeakerho.fi\/index.php?rest_route=\/wp\/v2\/pages\/19"}],"collection":[{"href":"https:\/\/www.rosenlewinhopeakerho.fi\/index.php?rest_route=\/wp\/v2\/pages"}],"about":[{"href":"https:\/\/www.rosenlewinhopeakerho.fi\/index.php?rest_route=\/wp\/v2\/types\/page"}],"author":[{"embeddable":true,"href":"https:\/\/www.rosenlewinhopeakerho.fi\/index.php?rest_route=\/wp\/v2\/users\/1"}],"replies":[{"embeddable":true,"href":"https:\/\/www.rosenlewinhopeakerho.fi\/index.php?rest_route=%2Fwp%2Fv2%2Fcomments&post=19"}],"version-history":[{"count":157,"href":"https:\/\/www.rosenlewinhopeakerho.fi\/index.php?rest_route=\/wp\/v2\/pages\/19\/revisions"}],"predecessor-version":[{"id":2137,"href":"https:\/\/www.rosenlewinhopeakerho.fi\/index.php?rest_route=\/wp\/v2\/pages\/19\/revisions\/2137"}],"wp:attachment":[{"href":"https:\/\/www.rosenlewinhopeakerho.fi\/index.php?rest_route=%2Fwp%2Fv2%2Fmedia&parent=19"}],"curies":[{"name":"wp","href":"https:\/\/api.w.org\/{rel}","templated":true}]}}