{"id":2022,"date":"2025-10-09T10:05:25","date_gmt":"2025-10-09T10:05:25","guid":{"rendered":"https:\/\/www.rosenlewinhopeakerho.fi\/?page_id=2022"},"modified":"2025-10-09T17:23:31","modified_gmt":"2025-10-09T17:23:31","slug":"tietosuojaseloste","status":"publish","type":"page","link":"https:\/\/www.rosenlewinhopeakerho.fi\/?page_id=2022","title":{"rendered":"Tietosuojaseloste"},"content":{"rendered":"\t\t<div data-elementor-type=\"wp-page\" data-elementor-id=\"2022\" class=\"elementor elementor-2022\">\n\t\t\t\t\t\t<section class=\"elementor-section elementor-top-section elementor-element elementor-element-130716c1 elementor-section-boxed elementor-section-height-default elementor-section-height-default\" data-id=\"130716c1\" data-element_type=\"section\">\n\t\t\t\t\t\t<div class=\"elementor-container elementor-column-gap-default\">\n\t\t\t\t\t<div class=\"elementor-column elementor-col-100 elementor-top-column elementor-element elementor-element-6cb0018d\" data-id=\"6cb0018d\" data-element_type=\"column\">\n\t\t\t<div class=\"elementor-widget-wrap elementor-element-populated\">\n\t\t\t\t\t\t\t<\/div>\n\t\t<\/div>\n\t\t\t\t\t<\/div>\n\t\t<\/section>\n\t\t\t\t<section class=\"elementor-section elementor-top-section elementor-element elementor-element-32ca14f elementor-section-boxed elementor-section-height-default elementor-section-height-default\" data-id=\"32ca14f\" data-element_type=\"section\">\n\t\t\t\t\t\t<div class=\"elementor-container elementor-column-gap-default\">\n\t\t\t\t\t<div class=\"elementor-column elementor-col-100 elementor-top-column elementor-element elementor-element-01bf0a1\" data-id=\"01bf0a1\" data-element_type=\"column\">\n\t\t\t<div class=\"elementor-widget-wrap elementor-element-populated\">\n\t\t\t\t\t\t<div class=\"elementor-element elementor-element-7d1e4e0 elementor-widget elementor-widget-text-editor\" data-id=\"7d1e4e0\" data-element_type=\"widget\" data-widget_type=\"text-editor.default\">\n\t\t\t\t<div class=\"elementor-widget-container\">\n\t\t\t\t\t\t\t<h1>Rosenlewin Hopeakerho ry:n tietosuojaseloste<\/h1>\n<p>P\u00e4ivitetty 8.9.2025<\/p>\n<h3>1. Rekisterinpit\u00e4j\u00e4 ja yhteyshenkil\u00f6<\/h3>\n<p>Rekisterinpit\u00e4j\u00e4: Rosenlewin Hopeakerho ry<br \/>Yhteyshenkil\u00f6: Puheenjohtaja Vuokko Hyt\u00f6nen<br \/>Puhelin: 050 373 4714<br \/>S\u00e4hk\u00f6posti: vuokko.hytonen@hotmail.fi<\/p>\n<h3>2. Rekister\u00f6idyt<\/h3>\n<p>Rekisteriss\u00e4 k\u00e4sitell\u00e4\u00e4n yhdistyksen j\u00e4senten ja entisten j\u00e4senten henkil\u00f6tietoja.<\/p>\n<h3>3. Henkil\u00f6tietojen k\u00e4sittelyn peruste ja k\u00e4ytt\u00f6tarkoitus<\/h3>\n<p>Rekisterin k\u00e4ytt\u00f6tarkoituksena on rekister\u00f6ityjen henkil\u00f6tietojen ajantasainen hallinta j\u00e4senyyden aikana, sen yll\u00e4pito ja kehitt\u00e4minen, j\u00e4senviestint\u00e4 sek\u00e4 p\u00e4\u00e4ttyneiden j\u00e4senyyksien dokumentaation hallinta henkil\u00f6tietoj\u00e4rjestelm\u00e4ss\u00e4.<br \/><br \/>Henkil\u00f6tietojen k\u00e4sittely perustuu yhdistyksen lains\u00e4\u00e4d\u00e4nn\u00f6lliseen velvoitteeseen yll\u00e4pit\u00e4\u00e4 j\u00e4senrekisteri\u00e4 sek\u00e4 tietyiss\u00e4 tapauksissa sopimuksen t\u00e4yt\u00e4nt\u00f6\u00f6npanoon.<\/p>\n<h3>4. K\u00e4sitelt\u00e4v\u00e4t henkil\u00f6tiedot<\/h3>\n<p>Rekisteriss\u00e4 k\u00e4sitell\u00e4\u00e4n yhdistyksen j\u00e4senten henkil\u00f6- ja yhteystietoja sek\u00e4 muita j\u00e4senyyteen liittyvi\u00e4 tarpeellisia tietoja:<br \/>&#8211; Etu- ja sukunimi<br \/>&#8211; Osoite<br \/>&#8211; S\u00e4hk\u00f6postiosoite<br \/>&#8211; Puhelinnumero<br \/>&#8211; Syntym\u00e4p\u00e4iv\u00e4 ja sukupuoli<br \/>&#8211; J\u00e4seneksi liittymis- ja eroamisaika<br \/>&#8211; J\u00e4senlaskutusta koskevat tiedot<br \/>&#8211; Yhdistyksen luottamusteht\u00e4v\u00e4t<\/p>\n<h3>5. S\u00e4\u00e4nn\u00f6nmukaiset tietol\u00e4hteet<\/h3>\n<p>Henkil\u00f6tietoja ker\u00e4t\u00e4\u00e4n rekister\u00f6idylt\u00e4 itselt\u00e4\u00e4n. Digitaalisesti k\u00e4sitelt\u00e4v\u00e4t henkil\u00f6tiedot on suojattu ja tallennettu yhdistyksen j\u00e4rjestelm\u00e4\u00e4n, johon p\u00e4\u00e4sy on vain niill\u00e4 henkil\u00f6ill\u00e4, jotka tarvitsevat tietoja teht\u00e4viens\u00e4 hoitamiseksi (j\u00e4senrekisterin k\u00e4ytt\u00e4j\u00e4 ja varak\u00e4ytt\u00e4j\u00e4). N\u00e4ill\u00e4 henkil\u00f6ill\u00e4 on henkil\u00f6kohtaiset k\u00e4ytt\u00e4j\u00e4tunnukset ja salasanat. Henkil\u00f6tiedot on suojattu ulkopuoliselta k\u00e4yt\u00f6lt\u00e4 ja j\u00e4sentietojen k\u00e4ytt\u00f6\u00e4 valvotaan. Yhdistyksen ulkopuolelle l\u00e4hetett\u00e4v\u00e4t henkil\u00f6tiedot salataan, ja k\u00e4ytetyt ty\u00f6asemat ja tallennusmediat ovat salattuja.<\/p>\n<h3>6. Henkil\u00f6tietojen s\u00e4\u00e4nn\u00f6nmukaiset luovutukset ja siirrot<\/h3>\n<p>Henkil\u00f6tietoja ei luovuteta kolmansille osapuolille.<\/p>\n<h3>7. Henkil\u00f6tietojen s\u00e4ilytysaika<\/h3>\n<p>Henkil\u00f6tietoja s\u00e4ilytet\u00e4\u00e4n rekisteriss\u00e4 niin kauan kuin rekister\u00f6ity on yhdistyksen j\u00e4sen. J\u00e4senyyden p\u00e4\u00e4ttymisen j\u00e4lkeen tiedot s\u00e4ilytet\u00e4\u00e4n enint\u00e4\u00e4n kuuden vuoden ajan j\u00e4senyyden p\u00e4\u00e4ttymisest\u00e4.<\/p>\n<h3>8. Rekister\u00f6idyn oikeudet<\/h3>\n<p>Rekister\u00f6idyll\u00e4 on soveltuvan tietosuojalains\u00e4\u00e4d\u00e4nn\u00f6n mukaisesti oikeus:<br \/>&#8211; saada tieto henkil\u00f6tietojensa k\u00e4sittelyst\u00e4<br \/>&#8211; saada p\u00e4\u00e4sy omiin tietoihinsa ja tarkastaa itse\u00e4\u00e4n koskevat tiedot<br \/>&#8211; vaatia virheellisen tai puutteellisen tiedon oikaisua<br \/>&#8211; vaatia henkil\u00f6tietojensa poistamista<br \/>&#8211; peruuttaa suostumuksensa ja vastustaa k\u00e4sittely\u00e4 silt\u00e4 osin kuin k\u00e4sittely perustuu suostumukseen<br \/>&#8211; vastustaa k\u00e4sittely\u00e4 henkil\u00f6kohtaiseen erityiseen tilanteeseensa liittyv\u00e4ll\u00e4 perusteella<br \/>&#8211; vaatia k\u00e4sittelyn rajoittamista<br \/><br \/>Rekister\u00f6idyn tulee esitt\u00e4\u00e4 edell\u00e4 mainitun oikeuden toteuttamista koskeva pyynt\u00f6 t\u00e4m\u00e4n tietosuojaselosteen yhteydenotot-kohdan mukaisesti. \u00a0Yhdistys voi pyyt\u00e4\u00e4 rekister\u00f6ity\u00e4 tarkentamaan pyynt\u00f6\u00e4\u00e4n kirjallisesti ja varmentamaan henkil\u00f6llisyytens\u00e4 ennen pyynn\u00f6n k\u00e4sittely\u00e4. Yhdistys voi kielt\u00e4yty\u00e4 pyynn\u00f6n toteuttamisesta sovellettavassa laissa s\u00e4\u00e4detyin perustein.<\/p>\n<h3>9. Oikeus valittaa valvontaviranomaiselle<\/h3>\n<p>Rekister\u00f6idyll\u00e4 on oikeus tehd\u00e4 valitus valvontaviranomaiselle (Suomessa Tietosuojavaltuutetun toimisto) tai sen EU-j\u00e4senvaltion viranomaiselle, jossa h\u00e4nen asuin- tai ty\u00f6paikkansa sijaitsee, jos h\u00e4n katsoo, ett\u00e4 h\u00e4nt\u00e4 koskevia tietoja on k\u00e4sitelty tietosuojalains\u00e4\u00e4d\u00e4nn\u00f6n vastaisesti.<\/p>\n<h3>10. Yhteydenotot<\/h3>\n<p>Rekister\u00f6idyn oikeuksia koskevat pyynn\u00f6t ja yhteydenotot:<br \/><br \/>Rosenlewin Hopeakerho ry<br \/>Puheenjohtaja Vuokko Hyt\u00f6nen<br \/>Aittaluodonkatu 2 E 40, 28100 Pori<br \/>S\u00e4hk\u00f6posti: vuokko.hytonen@hotmail.fi<\/p>\n<h3>11. Muutokset t\u00e4h\u00e4n tietosuojaselosteeseen<\/h3>\n<p>T\u00e4t\u00e4 tietosuojaselostetta voidaan p\u00e4ivitt\u00e4\u00e4 aika ajoin esimerkiksi lains\u00e4\u00e4d\u00e4nn\u00f6n muuttuessa.<\/p>\n<p>\u00a0<\/p>\t\t\t\t\t\t<\/div>\n\t\t\t\t<\/div>\n\t\t\t\t\t<\/div>\n\t\t<\/div>\n\t\t\t\t\t<\/div>\n\t\t<\/section>\n\t\t\t\t<section class=\"elementor-section elementor-top-section elementor-element elementor-element-c04b3e2 elementor-section-boxed elementor-section-height-default elementor-section-height-default\" data-id=\"c04b3e2\" data-element_type=\"section\">\n\t\t\t\t\t\t<div class=\"elementor-container elementor-column-gap-default\">\n\t\t\t\t\t<div class=\"elementor-column elementor-col-100 elementor-top-column elementor-element elementor-element-b2268e3\" data-id=\"b2268e3\" data-element_type=\"column\">\n\t\t\t<div class=\"elementor-widget-wrap elementor-element-populated\">\n\t\t\t\t\t\t\t<\/div>\n\t\t<\/div>\n\t\t\t\t\t<\/div>\n\t\t<\/section>\n\t\t\t\t<section class=\"elementor-section elementor-top-section elementor-element elementor-element-2e7975a elementor-section-boxed elementor-section-height-default elementor-section-height-default\" data-id=\"2e7975a\" data-element_type=\"section\">\n\t\t\t\t\t\t<div class=\"elementor-container elementor-column-gap-default\">\n\t\t\t\t\t<div class=\"elementor-column elementor-col-100 elementor-top-column elementor-element elementor-element-1d486a0\" data-id=\"1d486a0\" data-element_type=\"column\">\n\t\t\t<div class=\"elementor-widget-wrap elementor-element-populated\">\n\t\t\t\t\t\t\t<\/div>\n\t\t<\/div>\n\t\t\t\t\t<\/div>\n\t\t<\/section>\n\t\t\t\t<\/div>\n\t\t","protected":false},"excerpt":{"rendered":"<p>Rosenlewin Hopeakerho ry:n tietosuojaseloste P\u00e4ivitetty 8.9.2025 1. Rekisterinpit\u00e4j\u00e4 ja yhteyshenkil\u00f6 Rekisterinpit\u00e4j\u00e4: Rosenlewin Hopeakerho ryYhteyshenkil\u00f6: Puheenjohtaja Vuokko Hyt\u00f6nenPuhelin: 050 373 4714S\u00e4hk\u00f6posti: vuokko.hytonen@hotmail.fi 2. Rekister\u00f6idyt Rekisteriss\u00e4 k\u00e4sitell\u00e4\u00e4n yhdistyksen j\u00e4senten ja entisten j\u00e4senten henkil\u00f6tietoja. 3. Henkil\u00f6tietojen k\u00e4sittelyn peruste ja k\u00e4ytt\u00f6tarkoitus Rekisterin k\u00e4ytt\u00f6tarkoituksena on rekister\u00f6ityjen henkil\u00f6tietojen ajantasainen hallinta j\u00e4senyyden aikana, sen yll\u00e4pito ja kehitt\u00e4minen, j\u00e4senviestint\u00e4 sek\u00e4 p\u00e4\u00e4ttyneiden j\u00e4senyyksien dokumentaation &#8230; <a title=\"Tietosuojaseloste\" class=\"read-more\" href=\"https:\/\/www.rosenlewinhopeakerho.fi\/?page_id=2022\" aria-label=\"Lue lis\u00e4\u00e4 aiheesta Tietosuojaseloste\">Lue lis\u00e4\u00e4<\/a><\/p>\n","protected":false},"author":1,"featured_media":0,"parent":0,"menu_order":0,"comment_status":"closed","ping_status":"closed","template":"","meta":{"footnotes":""},"_links":{"self":[{"href":"https:\/\/www.rosenlewinhopeakerho.fi\/index.php?rest_route=\/wp\/v2\/pages\/2022"}],"collection":[{"href":"https:\/\/www.rosenlewinhopeakerho.fi\/index.php?rest_route=\/wp\/v2\/pages"}],"about":[{"href":"https:\/\/www.rosenlewinhopeakerho.fi\/index.php?rest_route=\/wp\/v2\/types\/page"}],"author":[{"embeddable":true,"href":"https:\/\/www.rosenlewinhopeakerho.fi\/index.php?rest_route=\/wp\/v2\/users\/1"}],"replies":[{"embeddable":true,"href":"https:\/\/www.rosenlewinhopeakerho.fi\/index.php?rest_route=%2Fwp%2Fv2%2Fcomments&post=2022"}],"version-history":[{"count":12,"href":"https:\/\/www.rosenlewinhopeakerho.fi\/index.php?rest_route=\/wp\/v2\/pages\/2022\/revisions"}],"predecessor-version":[{"id":2052,"href":"https:\/\/www.rosenlewinhopeakerho.fi\/index.php?rest_route=\/wp\/v2\/pages\/2022\/revisions\/2052"}],"wp:attachment":[{"href":"https:\/\/www.rosenlewinhopeakerho.fi\/index.php?rest_route=%2Fwp%2Fv2%2Fmedia&parent=2022"}],"curies":[{"name":"wp","href":"https:\/\/api.w.org\/{rel}","templated":true}]}}