{"id":48,"date":"2020-09-30T10:50:33","date_gmt":"2020-09-30T10:50:33","guid":{"rendered":"http:\/\/www.rosenlewinhopeakerho.fi\/?page_id=48"},"modified":"2026-04-10T09:20:57","modified_gmt":"2026-04-10T09:20:57","slug":"kerho-ohjelma","status":"publish","type":"page","link":"https:\/\/www.rosenlewinhopeakerho.fi\/?page_id=48","title":{"rendered":"Kerho-ohjelma"},"content":{"rendered":"\t\t<div data-elementor-type=\"wp-page\" data-elementor-id=\"48\" class=\"elementor elementor-48\">\n\t\t\t\t\t\t<section class=\"elementor-section elementor-top-section elementor-element elementor-element-ad405c8 elementor-section-boxed elementor-section-height-default elementor-section-height-default\" data-id=\"ad405c8\" data-element_type=\"section\">\n\t\t\t\t\t\t<div class=\"elementor-container elementor-column-gap-default\">\n\t\t\t\t\t<div class=\"elementor-column elementor-col-100 elementor-top-column elementor-element elementor-element-8a4ca77\" data-id=\"8a4ca77\" data-element_type=\"column\">\n\t\t\t<div class=\"elementor-widget-wrap elementor-element-populated\">\n\t\t\t\t\t\t<div class=\"elementor-element elementor-element-3559b62 elementor-widget elementor-widget-text-editor\" data-id=\"3559b62\" data-element_type=\"widget\" data-widget_type=\"text-editor.default\">\n\t\t\t\t<div class=\"elementor-widget-container\">\n\t\t\t\t\t\t\t<h2><strong>KERHOTILAISUUDET <\/strong><\/h2><p>Kerhotilaisuudet ovat Porin Mies-Laulun talolla PLM, Vapaudenkatu 10 joka toinen torstai.<br \/>Aloitamme kahvitilaisuudella kello 11.00 ja ohjelmaosuus kello 12.00-14.00.<\/p>\t\t\t\t\t\t<\/div>\n\t\t\t\t<\/div>\n\t\t\t\t<div class=\"elementor-element elementor-element-d6111b5 elementor-widget elementor-widget-text-editor\" data-id=\"d6111b5\" data-element_type=\"widget\" data-widget_type=\"text-editor.default\">\n\t\t\t\t<div class=\"elementor-widget-container\">\n\t\t\t\t\t\t\t<h2><span style=\"color: #000080;\">ROSENLEWIN<strong> HOPEAKERHO RY:N\u00a0 v.<\/strong>\u00a02026<\/span><\/h2><p><strong>Kahvitarjoilu kerhotapahtumissa klo 11.00 alkaen. <\/strong><\/p><p><strong>Ohjelma alkaa klo 12.00.\u00a0 &#8212;\u00a0 <\/strong><strong>Ohjelma alla muutosvarauksin.<\/strong><\/p><p><span style=\"color: #999999;\">8.1.2026<\/span><\/p><p><span style=\"color: #999999;\">Hopeiset , Johtokunta, jaostot, muut asiat<\/span><\/p><p><span style=\"color: #999999;\">Vaikeat tunteet, Marja Flinck esitelm\u00f6i<\/span><\/p><p><span style=\"color: #999999;\">J\u00e4senmaksut<\/span><\/p><p><span style=\"color: #999999;\">22.1.2026<\/span><\/p><p><span style=\"color: #999999;\">Senioritanssijat<\/span><\/p><p><span style=\"color: #999999;\">Ikaalisten kylpyl\u00e4 esitt\u00e4ytyy, Paula Kohtam\u00e4ki<\/span><\/p><p><span style=\"color: #999999;\">J\u00e4senmaksut<\/span><\/p><p><span style=\"color: #999999;\">5.2.2026<\/span><\/p><p><span style=\"color: #999999;\">Hopeiset<\/span><\/p><p><span style=\"color: #999999;\">Cimcorp Oy esitt\u00e4ytyy<\/span><\/p><p><span style=\"color: #808080;\">19.2.2026<\/span><\/p><p><span style=\"color: #999999;\">Hernesoppaa, v\u00e4liajalla kahvitus<\/span><\/p><p><span style=\"color: #999999;\">Senioritanssijat, Olka-toiminta esitt\u00e4ytyy<\/span><\/p><p><span style=\"color: #999999;\">5.3.2026<\/span><\/p><p>H<span style=\"color: #999999;\">opeiset<\/span><\/p><p><span style=\"color: #999999;\">Satakunnan Selk\u00e4yhdistys tarjoaa ev\u00e4it\u00e4 sel\u00e4n hyvinvointiin. Hilkka Mustonen ja Merja Selin esittelev\u00e4t yhdistyksen tulevia tapahtumia.<\/span><\/p><h3><span style=\"color: #999999;\">19.3.2026<\/span><\/h3><p><span style=\"text-decoration: underline; color: #999999;\">Kerhon Kev\u00e4tkokous<\/span><\/p><p><span style=\"color: #999999;\">Ahlstr\u00f6m esitt\u00e4\u00e4, asiakkuusp\u00e4\u00e4llikk\u00f6 Tiina Rajala<\/span><\/p><h3><span style=\"color: #999999;\">9.4.2026<\/span><\/h3><p><span style=\"color: #999999;\">Hopeiset<\/span><\/p><p><span style=\"color: #999999;\">Karimaan puutarha, Eeva Karhunen<\/span><\/p><p><span style=\"color: #999999;\">Halosen muotin\u00e4yt\u00f6s<\/span><\/p><p>\u00a0<\/p><h3><strong>23.4.2026<\/strong><\/h3><p>Senioritanssijat<\/p><p>Digihuijaukset \/ Ruis Cassandra kertoo<\/p><p>Oma SP esitelm\u00f6i<\/p><h3><strong>7.5.2026<\/strong><\/h3><p>Hopeiset\u00a0<\/p><p>Wanha Nuotisto, Eva Lindholm<\/p><p><strong>\u00a0<\/strong><\/p><p>\u00a0<\/p><p><strong><span style=\"color: #000080;\">Kerhossamme on my\u00f6s j\u00e4senille harrastuksia:<\/span><\/strong><\/p><p>&#8211; Laulamista harrastaville Hopeiset.<\/p><p>&#8211; Tanssimista harrastaville Senioritanssijat.<\/p><p>&#8211; Liikunnasta nauttiville, Kuntoilijat.<\/p><p>&#8211; K\u00e4sit\u00f6it\u00e4 harrastaville,\u00a0 K\u00e4sity\u00f6kerho.<\/p>\t\t\t\t\t\t<\/div>\n\t\t\t\t<\/div>\n\t\t\t\t<div class=\"elementor-element elementor-element-63ed7e9 elementor-widget elementor-widget-text-editor\" data-id=\"63ed7e9\" data-element_type=\"widget\" data-widget_type=\"text-editor.default\">\n\t\t\t\t<div class=\"elementor-widget-container\">\n\t\t\t\t\t\t\t<p>Johtokunta pid\u00e4tt\u00e4\u00e4 itsell\u00e4\u00e4n oikeuden mahdollisiin muutoksiin.<\/p><p><strong>Satakunnan Kansan <span style=\"text-decoration: underline;\">maanantain<\/span> lehti-ilmoituksissa tiedotetaan<\/strong><\/p><p>kulloistenkin kerhojen, matkojen ja tapahtumien lopullinen sis\u00e4lt\u00f6 ja tarkempi ajankohta.<\/p>\t\t\t\t\t\t<\/div>\n\t\t\t\t<\/div>\n\t\t\t\t\t<\/div>\n\t\t<\/div>\n\t\t\t\t\t<\/div>\n\t\t<\/section>\n\t\t\t\t<section class=\"elementor-section elementor-top-section elementor-element elementor-element-8035c32 elementor-section-boxed elementor-section-height-default elementor-section-height-default\" data-id=\"8035c32\" data-element_type=\"section\">\n\t\t\t\t\t\t<div class=\"elementor-container elementor-column-gap-default\">\n\t\t\t\t\t<div class=\"elementor-column elementor-col-100 elementor-top-column elementor-element elementor-element-aa96421\" data-id=\"aa96421\" data-element_type=\"column\">\n\t\t\t<div class=\"elementor-widget-wrap\">\n\t\t\t\t\t\t\t<\/div>\n\t\t<\/div>\n\t\t\t\t\t<\/div>\n\t\t<\/section>\n\t\t\t\t<section class=\"elementor-section elementor-top-section elementor-element elementor-element-1d63e97 elementor-section-boxed elementor-section-height-default elementor-section-height-default\" data-id=\"1d63e97\" data-element_type=\"section\">\n\t\t\t\t\t\t<div class=\"elementor-container elementor-column-gap-default\">\n\t\t\t\t\t<div class=\"elementor-column elementor-col-100 elementor-top-column elementor-element elementor-element-8c63b3c\" data-id=\"8c63b3c\" data-element_type=\"column\">\n\t\t\t<div class=\"elementor-widget-wrap\">\n\t\t\t\t\t\t\t<\/div>\n\t\t<\/div>\n\t\t\t\t\t<\/div>\n\t\t<\/section>\n\t\t\t\t<section class=\"elementor-section elementor-top-section elementor-element elementor-element-75e95ec elementor-section-boxed elementor-section-height-default elementor-section-height-default\" data-id=\"75e95ec\" data-element_type=\"section\">\n\t\t\t\t\t\t<div class=\"elementor-container elementor-column-gap-default\">\n\t\t\t\t\t<div class=\"elementor-column elementor-col-100 elementor-top-column elementor-element elementor-element-92c0a0d\" data-id=\"92c0a0d\" data-element_type=\"column\">\n\t\t\t<div class=\"elementor-widget-wrap\">\n\t\t\t\t\t\t\t<\/div>\n\t\t<\/div>\n\t\t\t\t\t<\/div>\n\t\t<\/section>\n\t\t\t\t<section class=\"elementor-section elementor-top-section elementor-element elementor-element-e99261f elementor-section-boxed elementor-section-height-default elementor-section-height-default\" data-id=\"e99261f\" data-element_type=\"section\">\n\t\t\t\t\t\t<div class=\"elementor-container elementor-column-gap-default\">\n\t\t\t\t\t<div class=\"elementor-column elementor-col-100 elementor-top-column elementor-element elementor-element-02f274e\" data-id=\"02f274e\" data-element_type=\"column\">\n\t\t\t<div class=\"elementor-widget-wrap elementor-element-populated\">\n\t\t\t\t\t\t\t<\/div>\n\t\t<\/div>\n\t\t\t\t\t<\/div>\n\t\t<\/section>\n\t\t\t\t<\/div>\n\t\t","protected":false},"excerpt":{"rendered":"<p>KERHOTILAISUUDET Kerhotilaisuudet ovat Porin Mies-Laulun talolla PLM, Vapaudenkatu 10 joka toinen torstai.Aloitamme kahvitilaisuudella kello 11.00 ja ohjelmaosuus kello 12.00-14.00. ROSENLEWIN HOPEAKERHO RY:N\u00a0 v.\u00a02026 Kahvitarjoilu kerhotapahtumissa klo 11.00 alkaen. Ohjelma alkaa klo 12.00.\u00a0 &#8212;\u00a0 Ohjelma alla muutosvarauksin. 8.1.2026 Hopeiset , Johtokunta, jaostot, muut asiat Vaikeat tunteet, Marja Flinck esitelm\u00f6i J\u00e4senmaksut 22.1.2026 Senioritanssijat Ikaalisten kylpyl\u00e4 esitt\u00e4ytyy, Paula &#8230; <a title=\"Kerho-ohjelma\" class=\"read-more\" href=\"https:\/\/www.rosenlewinhopeakerho.fi\/?page_id=48\" aria-label=\"Lue lis\u00e4\u00e4 aiheesta Kerho-ohjelma\">Lue lis\u00e4\u00e4<\/a><\/p>\n","protected":false},"author":1,"featured_media":0,"parent":0,"menu_order":0,"comment_status":"closed","ping_status":"closed","template":"","meta":{"footnotes":""},"_links":{"self":[{"href":"https:\/\/www.rosenlewinhopeakerho.fi\/index.php?rest_route=\/wp\/v2\/pages\/48"}],"collection":[{"href":"https:\/\/www.rosenlewinhopeakerho.fi\/index.php?rest_route=\/wp\/v2\/pages"}],"about":[{"href":"https:\/\/www.rosenlewinhopeakerho.fi\/index.php?rest_route=\/wp\/v2\/types\/page"}],"author":[{"embeddable":true,"href":"https:\/\/www.rosenlewinhopeakerho.fi\/index.php?rest_route=\/wp\/v2\/users\/1"}],"replies":[{"embeddable":true,"href":"https:\/\/www.rosenlewinhopeakerho.fi\/index.php?rest_route=%2Fwp%2Fv2%2Fcomments&post=48"}],"version-history":[{"count":525,"href":"https:\/\/www.rosenlewinhopeakerho.fi\/index.php?rest_route=\/wp\/v2\/pages\/48\/revisions"}],"predecessor-version":[{"id":2213,"href":"https:\/\/www.rosenlewinhopeakerho.fi\/index.php?rest_route=\/wp\/v2\/pages\/48\/revisions\/2213"}],"wp:attachment":[{"href":"https:\/\/www.rosenlewinhopeakerho.fi\/index.php?rest_route=%2Fwp%2Fv2%2Fmedia&parent=48"}],"curies":[{"name":"wp","href":"https:\/\/api.w.org\/{rel}","templated":true}]}}