{"id":63,"date":"2020-09-30T11:24:58","date_gmt":"2020-09-30T11:24:58","guid":{"rendered":"http:\/\/www.rosenlewinhopeakerho.fi\/?page_id=63"},"modified":"2026-04-10T09:16:52","modified_gmt":"2026-04-10T09:16:52","slug":"matkailu","status":"publish","type":"page","link":"https:\/\/www.rosenlewinhopeakerho.fi\/?page_id=63","title":{"rendered":"Matkailu"},"content":{"rendered":"\t\t<div data-elementor-type=\"wp-page\" data-elementor-id=\"63\" class=\"elementor elementor-63\">\n\t\t\t\t\t\t<section class=\"elementor-section elementor-top-section elementor-element elementor-element-345ff73 elementor-section-boxed elementor-section-height-default elementor-section-height-default\" data-id=\"345ff73\" data-element_type=\"section\">\n\t\t\t\t\t\t<div class=\"elementor-container elementor-column-gap-default\">\n\t\t\t\t\t<div class=\"elementor-column elementor-col-100 elementor-top-column elementor-element elementor-element-d8802b9\" data-id=\"d8802b9\" data-element_type=\"column\">\n\t\t\t<div class=\"elementor-widget-wrap elementor-element-populated\">\n\t\t\t\t\t\t<div class=\"elementor-element elementor-element-28e1ed8 elementor-widget__width-initial elementor-widget elementor-widget-text-editor\" data-id=\"28e1ed8\" data-element_type=\"widget\" data-widget_type=\"text-editor.default\">\n\t\t\t\t<div class=\"elementor-widget-container\">\n\t\t\t\t\t\t\t<h2><strong>Matkailu ja kulttuuri <\/strong><\/h2><p>J\u00e4rjest\u00e4mme p\u00e4iv\u00e4matkoja l\u00e4hiseudun mielenkiintoisiin kohteisiin.<br \/>Teemme my\u00f6s muutaman p\u00e4iv\u00e4n matkoja koti-ja ulkomaille sek\u00e4 teatterimatkoja naapurikaupunkeihin ja kuntiin.<\/p><h2>\u00a0<\/h2><h1>MATKAT\u00a0 2026:<\/h1><h2>KES\u00c4N MATKAT<\/h2><h3 class=\"x_elementToProof\"><b data-olk-copy-source=\"MessageBody\">Huittinen 2.6.2026<\/b><\/h3><div class=\"x_elementToProof\">Tutustumme oppaan johdolla eri kohteisiin mm Pahkaparatiisi, keramiikkapaja, kirkon historiaan ja esineisiin, kuulemme\u00a0tarinaa L\u00e4nsi-Suomen Opistosta, Satakunnan laulusta sek\u00e4 presidentti Risto Rydist\u00e4, sek\u00e4 tutustumme pitsihuvilaan ja sen mielenkiintoiseen historiaan. Lounas Wanhalla WPK:lla, jossa ostosmahdollisuus Maalaispuoti Ilonassa.<\/div><div class=\"x_elementToProof\">Retken hinta 40 euroa, sis. matkan, oppaan sis.p\u00e4\u00e4symaksut, lounaan ja kahvit.<\/div><div class=\"x_elementToProof\">L\u00e4ht\u00f6 klo 9.00, paluu noin klo 16.00<\/div><div class=\"x_elementToProof\"><span style=\"text-decoration: underline;\">Retken myynti 9.4.2026 klo 11 alkaen ennen kerhotilaisuuden alkua.<\/span>\u00a0 Lis\u00e4tiedot Marja Rosenberg\u00a0<\/div><div>\u00a0<\/div><div><h3 class=\"x_elementToProof\"><b data-olk-copy-source=\"MessageBody\">Viro, Saarenmaa, Hiidenmaa 23.-26.6.2026<\/b><\/h3><div class=\"x_elementToProof\">Kaksi y\u00f6t\u00e4 (majoitus hotelli Meri)\u00a0 Kuressaaressa, jossa\u00a0 tutustutaan Piispanlinnaan ja Kaupunkipuistoon, maaseudulla Kaalin meteoriittikentt\u00e4\u00e4n ja Tuulimyllykukkulaan.\u00a0\u00a0<\/div><div class=\"x_elementToProof\">Torstaina aamiaisen j\u00e4lkeen matka jatkuu lautalla Hiidenmaalle, jossa kiertoajelu. Iltap\u00e4iv\u00e4ll\u00e4 menn\u00e4\u00e4n lautalla Haapsaluun, jossa y\u00f6pyminen hotelli Fra Maressa. Aamiaisen j\u00e4lkeen l\u00e4ht\u00f6 Tallinnaan.<\/div><div class=\"x_elementToProof\">L\u00e4ht\u00f6 Porista 23.6.26 klo 4.00 ja paluu 26.6.26\u00a0 noin klo 18.00<\/div><div class=\"x_elementToProof\">Matkan hinta 625 euroa &#8211; 2 hh, yksin lis\u00e4 105 euroa.<\/div><div class=\"x_elementToProof\"><span style=\"text-decoration: underline;\">Myynti 23.4.2026 klo 11 alkaen ennen kerhotilaisuuden alkua.<\/span><\/div><div class=\"x_elementToProof\">Lis\u00e4tiedot Vuokko Hyt\u00f6nen<\/div><\/div><div>\u00a0<\/div><div><h3 class=\"x_elementToProof\"><b data-olk-copy-source=\"MessageBody\">Katri-musikaali Valkeakoski 23.7.2026<\/b><\/h3><h4 class=\"x_elementToProof\">Katri-Helenan musiikkiin perustuva musiikkiesitys, p\u00e4iv\u00e4n\u00e4yt\u00f6s<\/h4><h4 class=\"x_elementToProof\">Matkan hinta 80 euroa, sis. matkan, lounaan ja lipun<\/h4><h4 class=\"x_elementToProof\">L\u00e4ht\u00f6 klo 10.00 paluu noin klo 19.00<\/h4><h4 class=\"x_elementToProof\"><span style=\"text-decoration: underline;\">Myynti 7.5.2026 klo 11 alkaen ennen kerhotilaisuuden alkua<\/span><\/h4><h4 class=\"x_elementToProof\">Lis\u00e4tiedot Marja Rosenberg<\/h4><\/div><h4 dir=\"auto\" data-olk-copy-source=\"MessageBody\">\u00a0<\/h4><p>\u00a0<\/p><h4><span style=\"color: #999999;\">8.4.2026 Teatterimatka Tampere. <strong>Alivuokralainen<\/strong>, Hinta 85 \u20ac, sis\u00e4lt\u00e4\u00e4 ruokailun.<\/span><\/h4><h4 dir=\"auto\" data-olk-copy-source=\"MessageBody\"><span style=\"color: #999999;\"><strong>Kabaree Sellaista El\u00e4m\u00e4 On\u00a0 <\/strong><strong style=\"font-size: 16px;\"><span style=\"text-decoration: underline;\">20.2.2026<\/span> klo 19. Uudenkaupungin Teatterissa.\u00a0 <\/strong>Ohjelma pohjautuu Junnu Vainion musiikkiin. <\/span><span style=\"color: #999999;\">Ut\u00f6n saarella kahdeksankymmenluvulla sattuu ja tapahtuu, kun kes\u00e4asukkaat ja turistit saapuvat saarelle.\u00a0<\/span><span style=\"color: #999999;\"><strong>Matkan myynti 5.2.2026 klo 11. alkaen PLM aulassa. K\u00e4teismaksu 50 eur\/hl\u00f6<\/strong><strong>. <\/strong><\/span><span style=\"color: #999999;\">Matkan j\u00e4rjest\u00e4j\u00e4 Marja Rosenberg, 0405013239,\u00a0<a style=\"color: #999999;\" title=\"mailto:rosenbergmarja@gmail.com\" href=\"mailto:rosenbergmarja@gmail.com\" data-linkindex=\"0\">rosenbergmarja(at)gmail.com<\/a><\/span><\/h4><div>\u00a0<\/div><div>\u00a0<\/div><div>\u00a0<\/div><div>\u00a0<\/div><div>\u00a0<\/div><div>\u00a0<\/div><div>\u00a0<\/div><div>\u00a0<\/div><div>\u00a0<\/div><div>\u00a0<\/div><div>\u00a0<\/div><div>\u00a0<\/div><div>\u00a0<\/div><div><strong>Ed vuoden 2025 matkat<\/strong><\/div><div><span style=\"color: #999999;\"><strong>Ke 05.02<\/strong> Teatterimatka Luvian talviteatteri Tasalan musikaaliin &#8221;Liekeiss\u00e4&#8221;. Hinta 40 \u20ac sis. lipun, matkan ja kahvin.\u00a0<\/span><\/div><div><span style=\"color: #999999;\">Marja Rosenberg j\u00e4rjest\u00e4\u00e4. Osallistujia oli 54 henke\u00e4.<br \/><\/span><\/div><div>\u00a0<\/div><p style=\"text-align: left;\"><span style=\"color: #999999;\">La 15.03 Teatterimatka Raumalle esitykseen &#8221;RANSKALAINEN PYJAMA &#8221;. Matkan hinta 45 \u20ac sis. matkan, lipun ja kahvin. Marja Rosenberg j\u00e4rjest\u00e4\u00e4. Myyd\u00e4\u00e4n\u00a0 20.2 kerhossa. Lis\u00e4t. Vuokko Hyt\u00f6nen<\/span><\/p><p><span style=\"color: #999999;\">Pe 09.05 Teatterimatka Turkuun, jossa esitet\u00e4\u00e4n klo 18.00 &#8221;HILDUR&#8221;, 75 eur.,\u00a0 \u00a0Lis\u00e4t. Vuokko Hyt\u00f6nen,\u00a0 myynti Kerhossa 6.3.<\/span><\/p><div><span style=\"color: #999999;\">To 5.6 Maaseuturetki Sastamalan peruskuntiin. Kohteina mm. Artesa. anitislaamo, Herkkujuustola, Sekeen Kartano, jossa nautitaan keittolounas. K\u00e4yd\u00e4\u00e4n Keiky\u00e4n riippusillalla ja Jaatsin kulttuurikartanossa. Matkalla mukana paikat\u00a0 tunteva opas. Matkan hinta 55 \u20ac sis. matkan, opastuksen, lounaan ja iltap\u00e4iv\u00e4kahvin. Lis\u00e4t. Marja Rosenberg, myynti\u00a0 Kerhossa 3.4. klo 11-<\/span><\/div><div>\u00a0<\/div><div><span style=\"color: #999999;\">21 &#8211; 23.07 Saaristomatka Ahvenanmaalle<strong>, <\/strong>L\u00e4ht\u00f6 klo 9.00. Matkan hinta 445 \u20ac sis. Matkan, y\u00f6pymiset, ruoat, kahvit ja opastuksia. Lis\u00e4t. Vuokko Hyt\u00f6nen. Myyd\u00e4\u00e4n Kerhossa 24.4.<\/span><\/div><div>\u00a0<\/div><div>\u00a0<\/div><div><span style=\"color: #999999;\">31.07.\u00a0 Nokian kes\u00e4teatterissa Rautavaara \/\u00a0 SININEN UNI,\u00a0 45 eur.\u00a0 Lis\u00e4t. Marja Rosenberg\u00a0 myyd\u00e4\u00e4n Kerhossa 8.5.\u00a0<\/span><\/div><div>\u00a0<\/div><div><span style=\"color: #999999;\"><strong>29.9.\u00a0 Sokkona syksyyn<\/strong>,\u00a0 55,00 eur\/j\u00e4sen. Matkaa myyd\u00e4\u00e4n kerhossa 4.9.\u00a0 Lis\u00e4tiedot Marja Rosenberg<\/span><\/div><div>\u00a0<\/div><div><strong>\u00a0<\/strong><\/div><div>\u00a0<\/div><div>\u00a0<\/div><div>\u00a0<\/div><div>\u00a0<\/div><div>\u00a0<\/div><div>\u00a0<\/div><div>\u00a0<\/div>\t\t\t\t\t\t<\/div>\n\t\t\t\t<\/div>\n\t\t\t\t<section class=\"elementor-section elementor-inner-section elementor-element elementor-element-13f9a8e elementor-section-boxed elementor-section-height-default elementor-section-height-default\" data-id=\"13f9a8e\" data-element_type=\"section\">\n\t\t\t\t\t\t<div class=\"elementor-container elementor-column-gap-no\">\n\t\t\t\t\t<div class=\"elementor-column elementor-col-50 elementor-inner-column elementor-element elementor-element-9262baf\" data-id=\"9262baf\" data-element_type=\"column\">\n\t\t\t<div class=\"elementor-widget-wrap elementor-element-populated\">\n\t\t\t\t\t\t<div class=\"elementor-element elementor-element-be8b881 elementor-widget elementor-widget-text-editor\" data-id=\"be8b881\" data-element_type=\"widget\" data-widget_type=\"text-editor.default\">\n\t\t\t\t<div class=\"elementor-widget-container\">\n\t\t\t\t\t\t\t<p>Matkailuvastaavat:<br \/>Vuokko Hyt\u00f6nen<br \/>050 373 4714<\/p>\t\t\t\t\t\t<\/div>\n\t\t\t\t<\/div>\n\t\t\t\t\t<\/div>\n\t\t<\/div>\n\t\t\t\t<div class=\"elementor-column elementor-col-50 elementor-inner-column elementor-element elementor-element-258f514\" data-id=\"258f514\" data-element_type=\"column\">\n\t\t\t<div class=\"elementor-widget-wrap elementor-element-populated\">\n\t\t\t\t\t\t<div class=\"elementor-element elementor-element-704823d elementor-widget elementor-widget-text-editor\" data-id=\"704823d\" data-element_type=\"widget\" data-widget_type=\"text-editor.default\">\n\t\t\t\t<div class=\"elementor-widget-container\">\n\t\t\t\t\t\t\t<p><br \/>Marja Rosenberg<br \/>040 501 3239<\/p>\t\t\t\t\t\t<\/div>\n\t\t\t\t<\/div>\n\t\t\t\t\t<\/div>\n\t\t<\/div>\n\t\t\t\t\t<\/div>\n\t\t<\/section>\n\t\t\t\t\t<\/div>\n\t\t<\/div>\n\t\t\t\t\t<\/div>\n\t\t<\/section>\n\t\t\t\t<section class=\"elementor-section elementor-top-section elementor-element elementor-element-785f5fd elementor-section-boxed elementor-section-height-default elementor-section-height-default\" data-id=\"785f5fd\" data-element_type=\"section\">\n\t\t\t\t\t\t<div class=\"elementor-container elementor-column-gap-narrow\">\n\t\t\t\t\t<div class=\"elementor-column elementor-col-33 elementor-top-column elementor-element elementor-element-c59b6ea\" data-id=\"c59b6ea\" data-element_type=\"column\">\n\t\t\t<div class=\"elementor-widget-wrap elementor-element-populated\">\n\t\t\t\t\t\t<div class=\"elementor-element elementor-element-a72d471 elementor-widget elementor-widget-image\" data-id=\"a72d471\" data-element_type=\"widget\" data-widget_type=\"image.default\">\n\t\t\t\t<div class=\"elementor-widget-container\">\n\t\t\t\t\t\t\t\t\t\t\t\t\t\t<a href=\"http:\/\/www.rosenlewinhopeakerho.fi\/wp-content\/uploads\/2020\/10\/matkailu-1.png\" data-elementor-open-lightbox=\"yes\" data-e-action-hash=\"#elementor-action%3Aaction%3Dlightbox%26settings%3DeyJpZCI6MTY4LCJ1cmwiOmZhbHNlfQ%3D%3D\">\n\t\t\t\t\t\t\t<img decoding=\"async\" src=\"http:\/\/www.rosenlewinhopeakerho.fi\/wp-content\/uploads\/2020\/10\/matkailu-1.png\" title=\"\" alt=\"\" loading=\"lazy\" \/>\t\t\t\t\t\t\t\t<\/a>\n\t\t\t\t\t\t\t\t\t\t\t\t\t<\/div>\n\t\t\t\t<\/div>\n\t\t\t\t\t<\/div>\n\t\t<\/div>\n\t\t\t\t<div class=\"elementor-column elementor-col-33 elementor-top-column elementor-element elementor-element-13bb635\" data-id=\"13bb635\" data-element_type=\"column\">\n\t\t\t<div class=\"elementor-widget-wrap elementor-element-populated\">\n\t\t\t\t\t\t<div class=\"elementor-element elementor-element-01e3058 elementor-widget elementor-widget-image\" data-id=\"01e3058\" data-element_type=\"widget\" data-widget_type=\"image.default\">\n\t\t\t\t<div class=\"elementor-widget-container\">\n\t\t\t\t\t\t\t\t\t\t\t\t\t\t<a href=\"http:\/\/www.rosenlewinhopeakerho.fi\/wp-content\/uploads\/2020\/10\/matkailu-2.png\" data-elementor-open-lightbox=\"yes\" data-e-action-hash=\"#elementor-action%3Aaction%3Dlightbox%26settings%3DeyJpZCI6MTY5LCJ1cmwiOmZhbHNlfQ%3D%3D\">\n\t\t\t\t\t\t\t<img decoding=\"async\" src=\"http:\/\/www.rosenlewinhopeakerho.fi\/wp-content\/uploads\/2020\/10\/matkailu-2.png\" title=\"\" alt=\"\" loading=\"lazy\" \/>\t\t\t\t\t\t\t\t<\/a>\n\t\t\t\t\t\t\t\t\t\t\t\t\t<\/div>\n\t\t\t\t<\/div>\n\t\t\t\t\t<\/div>\n\t\t<\/div>\n\t\t\t\t<div class=\"elementor-column elementor-col-33 elementor-top-column elementor-element elementor-element-4b67fd3\" data-id=\"4b67fd3\" data-element_type=\"column\">\n\t\t\t<div class=\"elementor-widget-wrap elementor-element-populated\">\n\t\t\t\t\t\t<div class=\"elementor-element elementor-element-96a7e26 elementor-widget elementor-widget-image\" data-id=\"96a7e26\" data-element_type=\"widget\" data-widget_type=\"image.default\">\n\t\t\t\t<div class=\"elementor-widget-container\">\n\t\t\t\t\t\t\t\t\t\t\t\t\t\t<a href=\"http:\/\/www.rosenlewinhopeakerho.fi\/wp-content\/uploads\/2020\/10\/matkailu-3.png\" data-elementor-open-lightbox=\"yes\" data-e-action-hash=\"#elementor-action%3Aaction%3Dlightbox%26settings%3DeyJpZCI6MTcwLCJ1cmwiOmZhbHNlfQ%3D%3D\">\n\t\t\t\t\t\t\t<img decoding=\"async\" src=\"http:\/\/www.rosenlewinhopeakerho.fi\/wp-content\/uploads\/2020\/10\/matkailu-3.png\" title=\"\" alt=\"\" loading=\"lazy\" \/>\t\t\t\t\t\t\t\t<\/a>\n\t\t\t\t\t\t\t\t\t\t\t\t\t<\/div>\n\t\t\t\t<\/div>\n\t\t\t\t\t<\/div>\n\t\t<\/div>\n\t\t\t\t\t<\/div>\n\t\t<\/section>\n\t\t\t\t<section class=\"elementor-section elementor-top-section elementor-element elementor-element-d44c53c elementor-section-boxed elementor-section-height-default elementor-section-height-default\" data-id=\"d44c53c\" data-element_type=\"section\">\n\t\t\t\t\t\t<div class=\"elementor-container elementor-column-gap-default\">\n\t\t\t\t\t<div class=\"elementor-column elementor-col-100 elementor-top-column elementor-element elementor-element-5671c93\" data-id=\"5671c93\" data-element_type=\"column\">\n\t\t\t<div class=\"elementor-widget-wrap\">\n\t\t\t\t\t\t\t<\/div>\n\t\t<\/div>\n\t\t\t\t\t<\/div>\n\t\t<\/section>\n\t\t\t\t<section class=\"elementor-section elementor-top-section elementor-element elementor-element-a90c432 elementor-section-boxed elementor-section-height-default elementor-section-height-default\" data-id=\"a90c432\" data-element_type=\"section\">\n\t\t\t\t\t\t<div class=\"elementor-container elementor-column-gap-default\">\n\t\t\t\t\t<div class=\"elementor-column elementor-col-100 elementor-top-column elementor-element elementor-element-345eeaa\" data-id=\"345eeaa\" data-element_type=\"column\">\n\t\t\t<div class=\"elementor-widget-wrap\">\n\t\t\t\t\t\t\t<\/div>\n\t\t<\/div>\n\t\t\t\t\t<\/div>\n\t\t<\/section>\n\t\t\t\t<section class=\"elementor-section elementor-top-section elementor-element elementor-element-da0495c elementor-section-boxed elementor-section-height-default elementor-section-height-default\" data-id=\"da0495c\" data-element_type=\"section\">\n\t\t\t\t\t\t<div class=\"elementor-container elementor-column-gap-default\">\n\t\t\t\t\t<div class=\"elementor-column elementor-col-100 elementor-top-column elementor-element elementor-element-2920326\" data-id=\"2920326\" data-element_type=\"column\">\n\t\t\t<div class=\"elementor-widget-wrap\">\n\t\t\t\t\t\t\t<\/div>\n\t\t<\/div>\n\t\t\t\t\t<\/div>\n\t\t<\/section>\n\t\t\t\t<\/div>\n\t\t","protected":false},"excerpt":{"rendered":"<p>Matkailu ja kulttuuri J\u00e4rjest\u00e4mme p\u00e4iv\u00e4matkoja l\u00e4hiseudun mielenkiintoisiin kohteisiin.Teemme my\u00f6s muutaman p\u00e4iv\u00e4n matkoja koti-ja ulkomaille sek\u00e4 teatterimatkoja naapurikaupunkeihin ja kuntiin. \u00a0 MATKAT\u00a0 2026: KES\u00c4N MATKAT Huittinen 2.6.2026 Tutustumme oppaan johdolla eri kohteisiin mm Pahkaparatiisi, keramiikkapaja, kirkon historiaan ja esineisiin, kuulemme\u00a0tarinaa L\u00e4nsi-Suomen Opistosta, Satakunnan laulusta sek\u00e4 presidentti Risto Rydist\u00e4, sek\u00e4 tutustumme pitsihuvilaan ja sen mielenkiintoiseen historiaan. Lounas &#8230; <a title=\"Matkailu\" class=\"read-more\" href=\"https:\/\/www.rosenlewinhopeakerho.fi\/?page_id=63\" aria-label=\"Lue lis\u00e4\u00e4 aiheesta Matkailu\">Lue lis\u00e4\u00e4<\/a><\/p>\n","protected":false},"author":1,"featured_media":0,"parent":0,"menu_order":0,"comment_status":"closed","ping_status":"closed","template":"","meta":{"footnotes":""},"_links":{"self":[{"href":"https:\/\/www.rosenlewinhopeakerho.fi\/index.php?rest_route=\/wp\/v2\/pages\/63"}],"collection":[{"href":"https:\/\/www.rosenlewinhopeakerho.fi\/index.php?rest_route=\/wp\/v2\/pages"}],"about":[{"href":"https:\/\/www.rosenlewinhopeakerho.fi\/index.php?rest_route=\/wp\/v2\/types\/page"}],"author":[{"embeddable":true,"href":"https:\/\/www.rosenlewinhopeakerho.fi\/index.php?rest_route=\/wp\/v2\/users\/1"}],"replies":[{"embeddable":true,"href":"https:\/\/www.rosenlewinhopeakerho.fi\/index.php?rest_route=%2Fwp%2Fv2%2Fcomments&post=63"}],"version-history":[{"count":187,"href":"https:\/\/www.rosenlewinhopeakerho.fi\/index.php?rest_route=\/wp\/v2\/pages\/63\/revisions"}],"predecessor-version":[{"id":2207,"href":"https:\/\/www.rosenlewinhopeakerho.fi\/index.php?rest_route=\/wp\/v2\/pages\/63\/revisions\/2207"}],"wp:attachment":[{"href":"https:\/\/www.rosenlewinhopeakerho.fi\/index.php?rest_route=%2Fwp%2Fv2%2Fmedia&parent=63"}],"curies":[{"name":"wp","href":"https:\/\/api.w.org\/{rel}","templated":true}]}}